{"id":961,"date":"2023-11-20T17:54:36","date_gmt":"2023-11-20T16:54:36","guid":{"rendered":"https:\/\/gracious-solomon.92-205-167-9.plesk.page\/imprint\/"},"modified":"2025-03-05T08:37:01","modified_gmt":"2025-03-05T07:37:01","slug":"imprint","status":"publish","type":"page","link":"https:\/\/www.aw-schumacher.de\/en\/imprint\/","title":{"rendered":"Imprint"},"content":{"rendered":"\t\t<div data-elementor-type=\"wp-page\" data-elementor-id=\"961\" class=\"elementor elementor-961 elementor-148\" data-elementor-post-type=\"page\">\n\t\t\t\t<div class=\"elementor-element elementor-element-3d408aa e-flex e-con-boxed e-con e-parent\" data-id=\"3d408aa\" data-element_type=\"container\">\n\t\t\t\t\t<div class=\"e-con-inner\">\n\t\t<div class=\"elementor-element elementor-element-59a8a8e1 e-flex e-con-boxed e-con e-child\" data-id=\"59a8a8e1\" data-element_type=\"container\">\n\t\t\t\t\t<div class=\"e-con-inner\">\n\t\t\t\t<div class=\"elementor-element elementor-element-216f2cef elementor-widget elementor-widget-heading\" data-id=\"216f2cef\" data-element_type=\"widget\" data-widget_type=\"heading.default\">\n\t\t\t\t<div class=\"elementor-widget-container\">\n\t\t\t\t\t<h1 class=\"elementor-heading-title elementor-size-default\">A.W. Schumacher GmbH<\/h1>\t\t\t\t<\/div>\n\t\t\t\t<\/div>\n\t\t\t\t\t<\/div>\n\t\t\t\t<\/div>\n\t\t\t\t\t<\/div>\n\t\t\t\t<\/div>\n\t\t<div class=\"elementor-element elementor-element-34bcd0a1 e-flex e-con-boxed e-con e-parent\" data-id=\"34bcd0a1\" data-element_type=\"container\">\n\t\t\t\t\t<div class=\"e-con-inner\">\n\t\t<div class=\"elementor-element elementor-element-62733a3e e-con-full e-flex e-con e-child\" data-id=\"62733a3e\" data-element_type=\"container\">\n\t\t\t\t<div class=\"elementor-element elementor-element-26653b93 elementor-widget elementor-widget-text-editor\" data-id=\"26653b93\" data-element_type=\"widget\" data-widget_type=\"text-editor.default\">\n\t\t\t\t<div class=\"elementor-widget-container\">\n\t\t\t\t\t\t\t\t\t<p>Represented by the Managing Directors<br>Anna Luisa Schumacher &amp; Constantin Beckbauer<br>Heilenbecker Stra\u00dfe 223<br>58256 Ennepetal <\/p>\n<p>Phone: 02333\/9892-0<br>Fax: 02333\/9892-92<\/p>\n<p>Commercial register: Hagen 6010<br><a href=\"mailto:info@aw-schumacher.de\">info[at]aw-schumacher.de<\/a><\/p>\n<p>Design und Pflege seit 03\/2023: Cenk Uras &#8211; MOJOGRAFIK<a title=\"danielabursch kommunikationsdesign\" href=\"http:\/\/www.danielabursch.de\/\" target=\"_blank\" rel=\"noopener\"><br><\/a><\/p>\n<p>Our terms and conditions under which we exclusively conclude supply contracts, can be found here:<\/p>\n<p><a class=\"download\" title=\"Initiates download of the file\" href=\"fileadmin\/user_upload\/pdf\/aw-schumacher-agb.pdf\">General Terms and Conditions<\/a><span style=\"text-align: var(--text-align); color: var( --e-global-color-text ); font-size: 1rem;\"> <\/span><\/p>\t\t\t\t\t\t\t\t<\/div>\n\t\t\t\t<\/div>\n\t\t\t\t<\/div>\n\t\t<div class=\"elementor-element elementor-element-36d7c4a2 e-con-full e-flex e-con e-child\" data-id=\"36d7c4a2\" data-element_type=\"container\">\n\t\t\t\t<div class=\"elementor-element elementor-element-80f6202 elementor-widget elementor-widget-image\" data-id=\"80f6202\" data-element_type=\"widget\" data-widget_type=\"image.default\">\n\t\t\t\t<div class=\"elementor-widget-container\">\n\t\t\t\t\t\t\t\t\t\t\t\t\t\t\t<img fetchpriority=\"high\" decoding=\"async\" width=\"800\" height=\"534\" src=\"https:\/\/www.aw-schumacher.de\/wp-content\/uploads\/2025\/03\/aw-schumacher-fassade-emblem-1024x683.jpg\" class=\"attachment-large size-large wp-image-1263\" alt=\"AW Schumacher Emblem Fassade\" srcset=\"https:\/\/www.aw-schumacher.de\/wp-content\/uploads\/2025\/03\/aw-schumacher-fassade-emblem-1024x683.jpg 1024w, https:\/\/www.aw-schumacher.de\/wp-content\/uploads\/2025\/03\/aw-schumacher-fassade-emblem-300x200.jpg 300w, https:\/\/www.aw-schumacher.de\/wp-content\/uploads\/2025\/03\/aw-schumacher-fassade-emblem-768x512.jpg 768w, https:\/\/www.aw-schumacher.de\/wp-content\/uploads\/2025\/03\/aw-schumacher-fassade-emblem-1536x1024.jpg 1536w, https:\/\/www.aw-schumacher.de\/wp-content\/uploads\/2025\/03\/aw-schumacher-fassade-emblem-2048x1365.jpg 2048w\" sizes=\"(max-width: 800px) 100vw, 800px\" \/>\t\t\t\t\t\t\t\t\t\t\t\t\t\t\t<\/div>\n\t\t\t\t<\/div>\n\t\t\t\t<\/div>\n\t\t\t\t\t<\/div>\n\t\t\t\t<\/div>\n\t\t<div class=\"elementor-element elementor-element-42ae22c e-flex e-con-boxed e-con e-parent\" data-id=\"42ae22c\" data-element_type=\"container\">\n\t\t\t\t\t<div class=\"e-con-inner\">\n\t\t<div class=\"elementor-element elementor-element-ed72384 e-con-full e-flex e-con e-child\" data-id=\"ed72384\" data-element_type=\"container\">\n\t\t\t\t<div class=\"elementor-element elementor-element-9f57ea6 elementor-widget elementor-widget-text-editor\" data-id=\"9f57ea6\" data-element_type=\"widget\" data-widget_type=\"text-editor.default\">\n\t\t\t\t<div class=\"elementor-widget-container\">\n\t\t\t\t\t\t\t\t\t<h4>Liability for content<\/h4>\nThe contents of these pages were created with great care. We however cannot accept any responsibility for the accuracy, completeness or timeliness of the content.\n\nAs a service provider we are responsible according to \u00a7 7 paragraph 1 of TMG for our own contents on these pages under general law. According to \u00a7\u00a7 8 to 10 TMG we are not obligated as a service provider to monitor transmitted or stored information, or to investigate circumstances that indicate illegal activity. Obligations under general law to remove or block access to information remain unaffected. However, a relevant liability is only possible from the date a specific infringement becomes known to us. Upon notification of such violations, we will remove the content immediately.\n\n<h4>Liability for links<\/h4>\n\nAny links to third party websites refer to websites over which we have no control. We can therefore not accept any responsibility for their content. The respective provider or operator is always responsible for the contents of any linked website. The linked sites were checked at the time of linking for possible violations of law. Illegal contents were not detectable at the time of linking. Permanently monitoring the linked pages is unreasonable without concrete evidence of a violation. Upon notification of violations, we will remove such links immediately. If you should find objectionable content in a website linked to by us, please inform us by email (see above), we will verify the information and remove the link if necessary.\n\n<h4>Copyright<\/h4>\n\nThe content and works provided on these pages created by the site operators are subject to German copyright law. Third party contributions are marked as such. The reproduction, modification, distribution or any kind of exploitation outside the limits of copyright require the written consent of its respective author or creator. Downloads and copies are only permitted for private, non-commercial use and may not be used without the required threshold of originality to create other websites.\n\nThe website operator must always endeavour to observe the copyrights of others or to use their own works or license free works.\nThe copyright for the programming of this webpage is owned by the worldwide TYPO3 Community and Tobias M\u00fcller-Theis, the copyright for the design is owned by Tobias M\u00fcller-Theis, the text by company A.W. Schumacher GmbH and Schumacher Handelsgesellschaft mbH, eRecht24.de (S\u00f6ren Siebert) and Tobias M\u00fcller-Theis. The copyright of the images are owned by their respective authors image, shown below.\n<h4>Photo credits<\/h4>\nAll photographs and graphic works on this website have been created by Tobias M\u00fcller-Theis, Raina Seinsche and \/ or licensed from various image authors via istock.com and fotolia.com, unless otherwise indicated in each individual case.\t\t\t\t\t\t\t\t<\/div>\n\t\t\t\t<\/div>\n\t\t\t\t<\/div>\n\t\t\t\t\t<\/div>\n\t\t\t\t<\/div>\n\t\t\t\t<\/div>\n\t\t","protected":false},"excerpt":{"rendered":"<p>A.W. Schumacher GmbH Represented by the Managing DirectorsAnna Luisa Schumacher &amp; Constantin BeckbauerHeilenbecker Stra\u00dfe 22358256 Ennepetal Phone: 02333\/9892-0Fax: 02333\/9892-92 Commercial register: Hagen 6010info[at]aw-schumacher.de Design und Pflege seit 03\/2023: Cenk Uras &#8211; MOJOGRAFIK Our terms and conditions under which we exclusively conclude supply contracts, can be found here: General Terms and Conditions Liability for content The [&hellip;]<\/p>\n","protected":false},"author":1,"featured_media":0,"parent":0,"menu_order":7,"comment_status":"closed","ping_status":"closed","template":"","meta":{"inline_featured_image":false,"footnotes":""},"class_list":["post-961","page","type-page","status-publish","hentry"],"_links":{"self":[{"href":"https:\/\/www.aw-schumacher.de\/en\/wp-json\/wp\/v2\/pages\/961","targetHints":{"allow":["GET"]}}],"collection":[{"href":"https:\/\/www.aw-schumacher.de\/en\/wp-json\/wp\/v2\/pages"}],"about":[{"href":"https:\/\/www.aw-schumacher.de\/en\/wp-json\/wp\/v2\/types\/page"}],"author":[{"embeddable":true,"href":"https:\/\/www.aw-schumacher.de\/en\/wp-json\/wp\/v2\/users\/1"}],"replies":[{"embeddable":true,"href":"https:\/\/www.aw-schumacher.de\/en\/wp-json\/wp\/v2\/comments?post=961"}],"version-history":[{"count":7,"href":"https:\/\/www.aw-schumacher.de\/en\/wp-json\/wp\/v2\/pages\/961\/revisions"}],"predecessor-version":[{"id":1269,"href":"https:\/\/www.aw-schumacher.de\/en\/wp-json\/wp\/v2\/pages\/961\/revisions\/1269"}],"wp:attachment":[{"href":"https:\/\/www.aw-schumacher.de\/en\/wp-json\/wp\/v2\/media?parent=961"}],"curies":[{"name":"wp","href":"https:\/\/api.w.org\/{rel}","templated":true}]}}